{"id":10,"date":"2013-11-27T22:16:59","date_gmt":"2013-11-27T21:16:59","guid":{"rendered":"http:\/\/aquarius-mdl.de\/wiesol\/?page_id=10"},"modified":"2020-06-14T18:43:18","modified_gmt":"2020-06-14T16:43:18","slug":"solarthermie","status":"publish","type":"page","link":"https:\/\/www.wiesol.com\/?page_id=10","title":{"rendered":"Solarthermie"},"content":{"rendered":"<p><strong>Die Solarw\u00e4rmetechnologie ist ausgereift und ausgesprochen langlebig<\/strong><\/p>\n<div>Der h\u00e4usliche Energieverbrauch liegt f\u00fcr Raumheizung und Warmwasserbereitung bei \u00fcber 80 %. Der entscheidende Kostenfaktor dabei ist die Raumheizung mit etwa 70 %. Hier k\u00f6nnen Sie mit einer thermischen Solaranlage viel Geld sparen, denn sie bietet Ihnen die M\u00f6glichkeit, die Sonnenenergie f\u00fcr <a title=\"Brauchwasser\" href=\"http:\/\/aquarius-mdl.de\/wiesol\/?page_id=195\">Warmwasser <\/a> und <a title=\"Heizung\" href=\"http:\/\/aquarius-mdl.de\/wiesol\/?page_id=197\">Heizung <\/a>zu nutzen und somit Ihre Energiekosten zu senken.<\/div>\n<div>Verteilung Energieverbrauch<\/div>\n<div><\/div>\n<div>\n<div id=\"attachment_833\" style=\"width: 310px\" class=\"wp-caption alignnone\"><a href=\"https:\/\/www.wiesol.com\/wp-content\/uploads\/solarthermie_energieverbrauch_verteilung.jpg\"><img aria-describedby=\"caption-attachment-833\" decoding=\"async\" loading=\"lazy\" class=\"wp-image-833 size-full\" src=\"https:\/\/www.wiesol.com\/wp-content\/uploads\/solarthermie_energieverbrauch_verteilung.jpg\" alt=\"\" width=\"300\" height=\"193\" \/><\/a><p id=\"caption-attachment-833\" class=\"wp-caption-text\">Verteilung Energieverbrauch<\/p><\/div>\n<\/div>\n<div><\/div>\n<div>Mit einer gro\u00dffl\u00e4chigen Solarw\u00e4rmeanlage und einem richtig dimensionierten W\u00e4rmespeicher lassen sich bei entsprechender Dachausrichtung und Dachneigung \u00fcber das Jahr hohe thermische Deckungsgrade erzielen.<\/div>\n<div>\n<p>Durch pr\u00e4zise Planung und fachgerechte Installation, verbunden mit geeigneter Systemtechnik und Knowhow k\u00f6nnen wir Ihnen eine individuelle Heizungsanlage bieten, die zuverl\u00e4ssig und energieeffizient arbeitet.<\/p>\n<\/div>\n<div>\n<p><strong>Solarthermieanlagen: Wirtschaftlichkeit und Vorteile<\/strong><\/p>\n<ul>\n<li>Deutliche Energiekostenreduzierung<\/li>\n<li>Wertsteigerung Ihres Hauses<\/li>\n<li>Mehr Unabh\u00e4ngigkeit von \u00d6l- und Gaspreissteigerungen<\/li>\n<li>Vermeidung\/Reduzierung von klimasch\u00e4dlichem CO2-Aussto\u00df<\/li>\n<li>Sehr gute Kombinationsm\u00f6glichkeiten der Solarthermieanlagen mit allen konventionellen Heizungsger\u00e4ten\/Heizkesseln wie Gas oder \u00d6l, sowie ideale Kombinationen mit Biomassekesseln wie Pellet, St\u00fcckholz, Hackgut<\/li>\n<li>Preiswerte Erf\u00fcllung des EEW\u00e4rmeG:<br \/>\nDas W\u00e4rmegesetz des Bundes (Erneuerbare-Energien- W\u00e4rmegesetz \u2013 EEW\u00e4rmeG) verpflichtet seit 2009 Bauherren neuer Geb\u00e4ude, anteilig erneuerbare Energien f\u00fcr die W\u00e4rmeversorgung zu nutzen. Die Pflicht in Baden W\u00fcrttemberg gilt als erf\u00fcllt, wenn mindestens 15 % des W\u00e4rmebedarfs \u00fcber eine Solarkollektoranlage gedeckt wird<\/li>\n<li>Staatliche F\u00f6rderung durch Zusch\u00fcsse und zinsg\u00fcnstige Kredite<\/li>\n<li>Eine sichere und rentable Investition: Ihre Solaranlage liefert Ihnen W\u00e4rme und Geldersparnis &#8211; unabh\u00e4ngig wie sich der Euro, Dollar oder die Zinsen entwickeln<\/li>\n<\/ul>\n<\/div>\n","protected":false},"excerpt":{"rendered":"<p>Die Solarw\u00e4rmetechnologie ist ausgereift und ausgesprochen langlebig Der h\u00e4usliche Energieverbrauch liegt f\u00fcr Raumheizung und Warmwasserbereitung bei \u00fcber 80 %. Der entscheidende Kostenfaktor dabei ist die Raumheizung mit etwa 70 %. Hier k\u00f6nnen Sie mit einer thermischen Solaranlage viel Geld sparen, &hellip; <a href=\"https:\/\/www.wiesol.com\/?page_id=10\">Weiterlesen <span class=\"meta-nav\">&rarr;<\/span><\/a><\/p>\n","protected":false},"author":5,"featured_media":0,"parent":0,"menu_order":0,"comment_status":"closed","ping_status":"closed","template":"","meta":{"footnotes":""},"_links":{"self":[{"href":"https:\/\/www.wiesol.com\/index.php?rest_route=\/wp\/v2\/pages\/10"}],"collection":[{"href":"https:\/\/www.wiesol.com\/index.php?rest_route=\/wp\/v2\/pages"}],"about":[{"href":"https:\/\/www.wiesol.com\/index.php?rest_route=\/wp\/v2\/types\/page"}],"author":[{"embeddable":true,"href":"https:\/\/www.wiesol.com\/index.php?rest_route=\/wp\/v2\/users\/5"}],"replies":[{"embeddable":true,"href":"https:\/\/www.wiesol.com\/index.php?rest_route=%2Fwp%2Fv2%2Fcomments&post=10"}],"version-history":[{"count":21,"href":"https:\/\/www.wiesol.com\/index.php?rest_route=\/wp\/v2\/pages\/10\/revisions"}],"predecessor-version":[{"id":853,"href":"https:\/\/www.wiesol.com\/index.php?rest_route=\/wp\/v2\/pages\/10\/revisions\/853"}],"wp:attachment":[{"href":"https:\/\/www.wiesol.com\/index.php?rest_route=%2Fwp%2Fv2%2Fmedia&parent=10"}],"curies":[{"name":"wp","href":"https:\/\/api.w.org\/{rel}","templated":true}]}}