{"id":16,"date":"2013-11-27T22:18:21","date_gmt":"2013-11-27T20:18:21","guid":{"rendered":"http:\/\/aquarius-mdl.de\/wiesol\/?page_id=16"},"modified":"2020-06-14T17:23:21","modified_gmt":"2020-06-14T15:23:21","slug":"ueber-uns","status":"publish","type":"page","link":"https:\/\/www.wiesol.com\/?page_id=16","title":{"rendered":"\u00dcber uns"},"content":{"rendered":"<p><strong>MARTIN WIELAND<\/strong><\/p>\n<p>Nach einer Ausbildung zum Gas-Wasser-Installateur, dem Abschluss der Fach-hochschulreife und einem Studium zum Ingenieur (FH) f\u00fcr Energie- und W\u00e4rmetechnik betreibt <strong>Martin Wieland seit \u00fcber 20 Jahren als Pionier der Branche<\/strong> im Bereich regenerativer Energien sein Unternehmen &#8222;Solare Energie Systeme Martin Wieland&#8220;.<\/p>\n<p>Zudem war <strong>Martin Wieland<\/strong> auch in der Weiter- und Ausbildung zum Solateur t\u00e4tig:\u00a0 Als <strong>Dozent am Solar Energie Zentrum<\/strong> (SEZ) in Stuttgart\u00a0hat er sein kompetentes Fachwissen sowie seine Erfahrungen aus der Praxis im Bereich thermische Solar- technik, weitergegeben.<\/p>\n<p>&nbsp;<\/p>\n","protected":false},"excerpt":{"rendered":"<p>MARTIN WIELAND Nach einer Ausbildung zum Gas-Wasser-Installateur, dem Abschluss der Fach-hochschulreife und einem Studium zum Ingenieur (FH) f\u00fcr Energie- und W\u00e4rmetechnik betreibt Martin Wieland seit \u00fcber 20 Jahren als Pionier der Branche im Bereich regenerativer Energien sein Unternehmen &#8222;Solare Energie &hellip; <a href=\"https:\/\/www.wiesol.com\/?page_id=16\">Weiterlesen <span class=\"meta-nav\">&rarr;<\/span><\/a><\/p>\n","protected":false},"author":5,"featured_media":0,"parent":0,"menu_order":0,"comment_status":"closed","ping_status":"open","template":"","meta":{"footnotes":""},"_links":{"self":[{"href":"https:\/\/www.wiesol.com\/index.php?rest_route=\/wp\/v2\/pages\/16"}],"collection":[{"href":"https:\/\/www.wiesol.com\/index.php?rest_route=\/wp\/v2\/pages"}],"about":[{"href":"https:\/\/www.wiesol.com\/index.php?rest_route=\/wp\/v2\/types\/page"}],"author":[{"embeddable":true,"href":"https:\/\/www.wiesol.com\/index.php?rest_route=\/wp\/v2\/users\/5"}],"replies":[{"embeddable":true,"href":"https:\/\/www.wiesol.com\/index.php?rest_route=%2Fwp%2Fv2%2Fcomments&post=16"}],"version-history":[{"count":21,"href":"https:\/\/www.wiesol.com\/index.php?rest_route=\/wp\/v2\/pages\/16\/revisions"}],"predecessor-version":[{"id":699,"href":"https:\/\/www.wiesol.com\/index.php?rest_route=\/wp\/v2\/pages\/16\/revisions\/699"}],"wp:attachment":[{"href":"https:\/\/www.wiesol.com\/index.php?rest_route=%2Fwp%2Fv2%2Fmedia&parent=16"}],"curies":[{"name":"wp","href":"https:\/\/api.w.org\/{rel}","templated":true}]}}