{"id":174,"date":"2014-01-01T15:53:10","date_gmt":"2014-01-01T14:53:10","guid":{"rendered":"http:\/\/aquarius-mdl.de\/wiesol\/?page_id=174"},"modified":"2020-06-14T17:36:49","modified_gmt":"2020-06-14T15:36:49","slug":"philosophie","status":"publish","type":"page","link":"https:\/\/www.wiesol.com\/?page_id=174","title":{"rendered":"Philosophie"},"content":{"rendered":"<p><strong>MARTIN WIELAND IST \u00dcBERZEUGT:<\/strong><\/p>\n<p><em>\u201e<strong>Es gibt mehrere Gr\u00fcnde, f\u00fcr die Entscheidung in Solarw\u00e4rme zu investieren. Da ist zum einen\u00a0die \u00f6konomische Entscheidung: Die Entwicklung der Energiepreise ist stetig steigend.\u00a0Die Verbraucher sollten sich jetzt ein St\u00fcck weit unabh\u00e4ngig von \u00d6l und Gas und von gr\u00f6\u00dferen Energieversorgern machen. Auf der anderen Seite gibt es die \u00f6kologische Entscheidung: Wir alle haben die Verantwortung, unseren Lebensraum f\u00fcr die kommenden Generationen zu sch\u00fctzen und zu bewahren!\u201c<\/strong><\/em><\/p>\n","protected":false},"excerpt":{"rendered":"<p>MARTIN WIELAND IST \u00dcBERZEUGT: \u201eEs gibt mehrere Gr\u00fcnde, f\u00fcr die Entscheidung in Solarw\u00e4rme zu investieren. Da ist zum einen\u00a0die \u00f6konomische Entscheidung: Die Entwicklung der Energiepreise ist stetig steigend.\u00a0Die Verbraucher sollten sich jetzt ein St\u00fcck weit unabh\u00e4ngig von \u00d6l und Gas &hellip; <a href=\"https:\/\/www.wiesol.com\/?page_id=174\">Weiterlesen <span class=\"meta-nav\">&rarr;<\/span><\/a><\/p>\n","protected":false},"author":5,"featured_media":0,"parent":16,"menu_order":1,"comment_status":"closed","ping_status":"closed","template":"","meta":{"footnotes":""},"_links":{"self":[{"href":"https:\/\/www.wiesol.com\/index.php?rest_route=\/wp\/v2\/pages\/174"}],"collection":[{"href":"https:\/\/www.wiesol.com\/index.php?rest_route=\/wp\/v2\/pages"}],"about":[{"href":"https:\/\/www.wiesol.com\/index.php?rest_route=\/wp\/v2\/types\/page"}],"author":[{"embeddable":true,"href":"https:\/\/www.wiesol.com\/index.php?rest_route=\/wp\/v2\/users\/5"}],"replies":[{"embeddable":true,"href":"https:\/\/www.wiesol.com\/index.php?rest_route=%2Fwp%2Fv2%2Fcomments&post=174"}],"version-history":[{"count":8,"href":"https:\/\/www.wiesol.com\/index.php?rest_route=\/wp\/v2\/pages\/174\/revisions"}],"predecessor-version":[{"id":609,"href":"https:\/\/www.wiesol.com\/index.php?rest_route=\/wp\/v2\/pages\/174\/revisions\/609"}],"up":[{"embeddable":true,"href":"https:\/\/www.wiesol.com\/index.php?rest_route=\/wp\/v2\/pages\/16"}],"wp:attachment":[{"href":"https:\/\/www.wiesol.com\/index.php?rest_route=%2Fwp%2Fv2%2Fmedia&parent=174"}],"curies":[{"name":"wp","href":"https:\/\/api.w.org\/{rel}","templated":true}]}}