{"id":179,"date":"2014-01-01T15:57:46","date_gmt":"2014-01-01T14:57:46","guid":{"rendered":"http:\/\/aquarius-mdl.de\/wiesol\/?page_id=179"},"modified":"2020-06-14T17:37:59","modified_gmt":"2020-06-14T15:37:59","slug":"team","status":"publish","type":"page","link":"https:\/\/www.wiesol.com\/?page_id=179","title":{"rendered":"Team"},"content":{"rendered":"<p>Unser Team \u00fcberzeugt durch Kompetenz, Zuverl\u00e4ssigkeit und Flexibilit\u00e4t<\/p>\n<address>1 Monteur (Meister)<br \/>\n1 B\u00fcrokauffrau<\/address>\n<address>und der Inhaber<\/address>\n","protected":false},"excerpt":{"rendered":"<p>Unser Team \u00fcberzeugt durch Kompetenz, Zuverl\u00e4ssigkeit und Flexibilit\u00e4t 1 Monteur (Meister) 1 B\u00fcrokauffrau und der Inhaber<\/p>\n","protected":false},"author":5,"featured_media":0,"parent":16,"menu_order":3,"comment_status":"closed","ping_status":"closed","template":"","meta":{"footnotes":""},"_links":{"self":[{"href":"https:\/\/www.wiesol.com\/index.php?rest_route=\/wp\/v2\/pages\/179"}],"collection":[{"href":"https:\/\/www.wiesol.com\/index.php?rest_route=\/wp\/v2\/pages"}],"about":[{"href":"https:\/\/www.wiesol.com\/index.php?rest_route=\/wp\/v2\/types\/page"}],"author":[{"embeddable":true,"href":"https:\/\/www.wiesol.com\/index.php?rest_route=\/wp\/v2\/users\/5"}],"replies":[{"embeddable":true,"href":"https:\/\/www.wiesol.com\/index.php?rest_route=%2Fwp%2Fv2%2Fcomments&post=179"}],"version-history":[{"count":5,"href":"https:\/\/www.wiesol.com\/index.php?rest_route=\/wp\/v2\/pages\/179\/revisions"}],"predecessor-version":[{"id":718,"href":"https:\/\/www.wiesol.com\/index.php?rest_route=\/wp\/v2\/pages\/179\/revisions\/718"}],"up":[{"embeddable":true,"href":"https:\/\/www.wiesol.com\/index.php?rest_route=\/wp\/v2\/pages\/16"}],"wp:attachment":[{"href":"https:\/\/www.wiesol.com\/index.php?rest_route=%2Fwp%2Fv2%2Fmedia&parent=179"}],"curies":[{"name":"wp","href":"https:\/\/api.w.org\/{rel}","templated":true}]}}