{"id":195,"date":"2014-01-01T16:25:34","date_gmt":"2014-01-01T15:25:34","guid":{"rendered":"http:\/\/aquarius-mdl.de\/wiesol\/?page_id=195"},"modified":"2020-06-14T17:32:56","modified_gmt":"2020-06-14T15:32:56","slug":"brauchwasser","status":"publish","type":"page","link":"https:\/\/www.wiesol.com\/?page_id=195","title":{"rendered":"Brauchwasser"},"content":{"rendered":"<p><strong>SOLARENERGIE F\u00dcR BRAUCHWASSER<\/strong><\/p>\n<div><strong>Warmwasser mit der Energie der Sonne selbst erzeugen und Energiekosten senken!<\/strong><br \/>\nIm Sommer wird eine konventionelle Heizung, welche zur Beheizung eines gesamten Hauses geplant ist, ausschlie\u00dflich f\u00fcr die Erhitzung des Brauchwassers in Betrieb gehalten. So l\u00e4uft der Kessel infolge hoher Stillstandsverluste mit sehr schlechtem Wirkungsgrad, da f\u00fcr die Warmwasserbereitung vergleichsweise geringe W\u00e4rme-mengen angefordert werden. Untersuchungen belegen, dass bei konventioneller Heizungstechnik zwischen 20.000 und 50.000 Kesselstarts pro Jahr erfolgen. Der Jahresnutzungsgrad liegt somit teilweise bei nur 30 %.<\/div>\n<div>\n<p><strong>Hier ergibt sich f\u00fcr die solarunterst\u00fctzte Warmwasserbereitung ein wirtschaftlicher Ansatzpunkt.<\/strong><\/p>\n<\/div>\n<div>\n<p>W\u00e4hrend der Sommermonate kann eine Solaranlage bei richtiger Dimensionierung den hierzu erforderlichen W\u00e4rmebedarf nahezu vollst\u00e4ndig decken. In den \u00dcbergangs-zeiten und auch im Winter leistet die Anlage einen Beitrag zur Wasservorerw\u00e4rmung. Somit deckt, \u00fcber das gesamte Jahr gesehen, die kostenlose Solarw\u00e4rme rund\u00a0\u00a0\u00a0\u00a0\u00a0\u00a0\u00a0\u00a0\u00a0 60 &#8211; 70 % der Energie f\u00fcr die Warmwasserbereitung.<\/p>\n<\/div>\n<div>\n<p>Mit Hilfe einer Solaranlage kann noch mehr Energie gespart werden, wenn Waschmaschine und Geschirrsp\u00fcler mit solar erw\u00e4rmtem Wasser arbeiten.<\/p>\n<\/div>\n<div>\n<p>Im Gegensatz zu fr\u00fcher setzt man heute aus hygienischen Gr\u00fcnden meist keine klassischen Trinkwasserspeicher mehr ein, sondern \u00fcberwiegend Frischwassersys-teme (externe Frischwasser-Stationen oder Edelstahl-Wellrohr-Durchlauf).<\/p>\n<\/div>\n","protected":false},"excerpt":{"rendered":"<p>SOLARENERGIE F\u00dcR BRAUCHWASSER Warmwasser mit der Energie der Sonne selbst erzeugen und Energiekosten senken! Im Sommer wird eine konventionelle Heizung, welche zur Beheizung eines gesamten Hauses geplant ist, ausschlie\u00dflich f\u00fcr die Erhitzung des Brauchwassers in Betrieb gehalten. So l\u00e4uft der &hellip; <a href=\"https:\/\/www.wiesol.com\/?page_id=195\">Weiterlesen <span class=\"meta-nav\">&rarr;<\/span><\/a><\/p>\n","protected":false},"author":5,"featured_media":0,"parent":10,"menu_order":1,"comment_status":"closed","ping_status":"closed","template":"","meta":{"footnotes":""},"_links":{"self":[{"href":"https:\/\/www.wiesol.com\/index.php?rest_route=\/wp\/v2\/pages\/195"}],"collection":[{"href":"https:\/\/www.wiesol.com\/index.php?rest_route=\/wp\/v2\/pages"}],"about":[{"href":"https:\/\/www.wiesol.com\/index.php?rest_route=\/wp\/v2\/types\/page"}],"author":[{"embeddable":true,"href":"https:\/\/www.wiesol.com\/index.php?rest_route=\/wp\/v2\/users\/5"}],"replies":[{"embeddable":true,"href":"https:\/\/www.wiesol.com\/index.php?rest_route=%2Fwp%2Fv2%2Fcomments&post=195"}],"version-history":[{"count":17,"href":"https:\/\/www.wiesol.com\/index.php?rest_route=\/wp\/v2\/pages\/195\/revisions"}],"predecessor-version":[{"id":617,"href":"https:\/\/www.wiesol.com\/index.php?rest_route=\/wp\/v2\/pages\/195\/revisions\/617"}],"up":[{"embeddable":true,"href":"https:\/\/www.wiesol.com\/index.php?rest_route=\/wp\/v2\/pages\/10"}],"wp:attachment":[{"href":"https:\/\/www.wiesol.com\/index.php?rest_route=%2Fwp%2Fv2%2Fmedia&parent=195"}],"curies":[{"name":"wp","href":"https:\/\/api.w.org\/{rel}","templated":true}]}}