{"id":238,"date":"2014-01-01T16:59:48","date_gmt":"2014-01-01T15:59:48","guid":{"rendered":"http:\/\/aquarius-mdl.de\/wiesol\/?page_id=238"},"modified":"2020-06-14T17:37:22","modified_gmt":"2020-06-14T15:37:22","slug":"regenwasser","status":"publish","type":"page","link":"https:\/\/www.wiesol.com\/?page_id=238","title":{"rendered":"Regenwasser"},"content":{"rendered":"<p><strong>Regenwasser intelligent nutzen!<\/strong><\/p>\n<p>Steigen Sie jetzt in die Regenwassernutzung ein, um die nat\u00fcrliche Ressource Wasser zu schonen und viel Geld zu sparen. Grundlage f\u00fcr eine effiziente Regenwasser-nutzung ist ein Regenwassertank bzw. Erdtank, der \u00fcber Jahrzehnte zuverl\u00e4ssig funktioniert und Ihnen sauberes und hygienisch unbedenkliches Wasser liefert.<\/p>\n<p>Hier unterscheiden wir zwischen einem Tank im Innenbereich oder einem unter-irdischen Regenwassertank im Au\u00dfenbereich. Bei einem Au\u00dfentank geht Ihnen kein Platz verloren und das Wasser ist besser vor Klimaeinfl\u00fcssen und Keimbildung ge-sch\u00fctzt als bei freistehenden Tanks.<\/p>\n<div id=\"attachment_463\" style=\"width: 160px\" class=\"wp-caption alignleft\"><a href=\"http:\/\/aquarius-mdl.de\/wiesol\/wp-content\/uploads\/innentank.jpg\"><img aria-describedby=\"caption-attachment-463\" decoding=\"async\" loading=\"lazy\" class=\"size-thumbnail wp-image-463 \" alt=\"Innentank\" src=\"http:\/\/aquarius-mdl.de\/wiesol\/wp-content\/uploads\/innentank-150x150.jpg\" width=\"150\" height=\"150\" \/><\/a><p id=\"caption-attachment-463\" class=\"wp-caption-text\">Innentank\u00a0\u00a0\u00a0\u00a0\u00a0\u00a0\u00a0\u00a0 (Quelle ARIS)<\/p><\/div>\n<div id=\"attachment_464\" style=\"width: 160px\" class=\"wp-caption alignleft\"><a href=\"http:\/\/aquarius-mdl.de\/wiesol\/wp-content\/uploads\/aussentank.jpg\"><img aria-describedby=\"caption-attachment-464\" decoding=\"async\" loading=\"lazy\" class=\"size-thumbnail wp-image-464\" alt=\"Aussentank Beton\" src=\"http:\/\/aquarius-mdl.de\/wiesol\/wp-content\/uploads\/aussentank-150x150.jpg\" width=\"150\" height=\"150\" \/><\/a><p id=\"caption-attachment-464\" class=\"wp-caption-text\">Aussentank Beton (Quelle ARIS)<\/p><\/div>\n<p>&nbsp;<\/p>\n<p>&nbsp;<\/p>\n<p>&nbsp;<\/p>\n<p>&nbsp;<\/p>\n<p>&nbsp;<\/p>\n<p>&nbsp;<\/p>\n<p><strong>WASSERVERBRAUCH<\/strong><\/p>\n<p>Jeder B\u00fcrger in Deutschland verbraucht im Durchschnitt t\u00e4glich ca.127 Liter Trink-wasser. Allein 40 Liter werden davon f\u00fcr die Toilette verbraucht. Zusammen mit der Gartenbew\u00e4sserung bedeutet das eine Verschwendung von wertvollem Trinkwasser.<\/p>\n<dl class=\"wp-caption alignleft\" id=\"attachment_465\" style=\"width: 300px;\">\n<dt class=\"wp-caption-dt\"><a href=\"http:\/\/aquarius-mdl.de\/wiesol\/wp-content\/uploads\/piechart_wasserverbrauch.jpg\"><img decoding=\"async\" loading=\"lazy\" class=\" wp-image-465 \" alt=\"Wasserverbrauch Deutschland\" src=\"http:\/\/aquarius-mdl.de\/wiesol\/wp-content\/uploads\/piechart_wasserverbrauch.jpg\" width=\"290\" height=\"172\" \/><\/a><\/dt>\n<dd class=\"wp-caption-dd\"><strong>Wasserverbrauch Deutschland<\/strong><\/dd>\n<\/dl>\n<p>&nbsp;<\/p>\n<p>.<\/p>\n<p>&nbsp;<\/p>\n<p>&nbsp;<\/p>\n<p>&nbsp;<\/p>\n<p>&nbsp;<\/p>\n<p><strong>Die dezentrale Versickerung von Regenwasser wird immer wichtiger<br \/>\n<\/strong> St\u00e4dte und Gemeinden erh\u00f6hen die Abgaben f\u00fcr versiegelte Fl\u00e4chen und fordern bei Neubauten die Versickerung von Regenwasser vor Ort.\u00a0<strong>Regenwasserspeicher<\/strong> sammeln nicht nur Wasser f\u00fcr die Nutzung, sie halten auch Regen zur\u00fcck, der oft in unerw\u00fcnscht gro\u00dfer Menge die Kanalisation belastet. Dem erw\u00fcnschten R\u00fcckhalte-effekt wird im privaten Bereich oft nicht hinreichend Rechnung getragen.<\/p>\n","protected":false},"excerpt":{"rendered":"<p>Regenwasser intelligent nutzen! Steigen Sie jetzt in die Regenwassernutzung ein, um die nat\u00fcrliche Ressource Wasser zu schonen und viel Geld zu sparen. Grundlage f\u00fcr eine effiziente Regenwasser-nutzung ist ein Regenwassertank bzw. Erdtank, der \u00fcber Jahrzehnte zuverl\u00e4ssig funktioniert und Ihnen sauberes &hellip; <a href=\"https:\/\/www.wiesol.com\/?page_id=238\">Weiterlesen <span class=\"meta-nav\">&rarr;<\/span><\/a><\/p>\n","protected":false},"author":5,"featured_media":0,"parent":0,"menu_order":0,"comment_status":"closed","ping_status":"closed","template":"","meta":{"footnotes":""},"_links":{"self":[{"href":"https:\/\/www.wiesol.com\/index.php?rest_route=\/wp\/v2\/pages\/238"}],"collection":[{"href":"https:\/\/www.wiesol.com\/index.php?rest_route=\/wp\/v2\/pages"}],"about":[{"href":"https:\/\/www.wiesol.com\/index.php?rest_route=\/wp\/v2\/types\/page"}],"author":[{"embeddable":true,"href":"https:\/\/www.wiesol.com\/index.php?rest_route=\/wp\/v2\/users\/5"}],"replies":[{"embeddable":true,"href":"https:\/\/www.wiesol.com\/index.php?rest_route=%2Fwp%2Fv2%2Fcomments&post=238"}],"version-history":[{"count":14,"href":"https:\/\/www.wiesol.com\/index.php?rest_route=\/wp\/v2\/pages\/238\/revisions"}],"predecessor-version":[{"id":670,"href":"https:\/\/www.wiesol.com\/index.php?rest_route=\/wp\/v2\/pages\/238\/revisions\/670"}],"wp:attachment":[{"href":"https:\/\/www.wiesol.com\/index.php?rest_route=%2Fwp%2Fv2%2Fmedia&parent=238"}],"curies":[{"name":"wp","href":"https:\/\/api.w.org\/{rel}","templated":true}]}}