{"id":45,"date":"2013-11-28T19:20:52","date_gmt":"2013-11-28T17:20:52","guid":{"rendered":"http:\/\/aquarius-mdl.de\/wiesol\/?page_id=45"},"modified":"2020-06-14T17:23:21","modified_gmt":"2020-06-14T15:23:21","slug":"foerderung","status":"publish","type":"page","link":"https:\/\/www.wiesol.com\/?page_id=45","title":{"rendered":"F\u00f6rderung"},"content":{"rendered":"<p>Bei der Nachr\u00fcstung schon bestehender Geb\u00e4ude mit einer Solarthermieanlage haben Sie die M\u00f6glichkeit, <strong>F\u00f6rdergelder vom Staat<\/strong> zu erhalten! Da die Bundesregierung ein gro\u00dfes Interesse an Energieeinsparung und Klimaschutz hat, gibt es attraktive <strong>Zusch\u00fcsse<\/strong> f\u00fcr die Kombination von Heizkessel mit Solaranlage.<\/p>\n<p>Die <strong>KFW<\/strong> <a href=\"http:\/\/www.kfw.de\">www.kfw.de<\/a> f\u00f6rdert die Heizungsmodernisierung mit zinsg\u00fcnstigen Darlehn.<br \/>\nDas <strong>BAFA<\/strong> <a href=\"http:\/\/www.bafa.de\">www.bafa.de<\/a> ist die Bewilligungsbeh\u00f6rde f\u00fcr Antr\u00e4ge im Rahmen der Besonderen Ausgleichsregelung nach \u00a7\u00a7 63\u00a0ff.\u00a0EEG. <a href=\"http:\/\/www.erneuerbare-energien.de\">www.erneuerbare-energien.de<\/a><\/p>\n<p><strong>Stand 01\/2019 gelten nachfolgend aufgef\u00fchrte F\u00f6rderungen!<\/strong><\/p>\n<ul>\n<li><b><span style=\"text-decoration: underline;\">Brauchwasseranlagen<\/span>:<\/b><br \/>\nMindestf\u00f6rderung: 500 \u20ac \/ H\u00f6chstf\u00f6rderung: 2.000 \u20ac<\/li>\n<li><b><span style=\"text-decoration: underline;\">Solaranlagen zur Heizungsunterst\u00fctzung<\/span>:<br \/>\nH\u00f6here<\/b>\u00a0Mindestf\u00f6rderung jetzt 2.000\u00a0\u20ac <strong>s<\/strong><b>taatliche F\u00f6rderung<\/b><\/li>\n<\/ul>\n<p>\u00dcber das Marktanreizprogramm (MAP)\u00a0k\u00f6nnen Sie sich die Anschaffung von einer Solarw\u00e4rme-Anlagen f\u00f6rdern lassen. Die F\u00f6rderung erfolgt auf Antrag beim Bundesamt f\u00fcr Wirtschaft und Ausfuhrkontrolle (BAFA) und erfolgt zu Fests\u00e4tzen je Quadratmeter installierter Kollektorfl\u00e4che.<\/p>\n<p>F\u00fcr die gleichzeitige Errichtung einer Solarw\u00e4rmeanlage zusammen mit einer W\u00e4rmepumpe oder einem Biomassekessel betr\u00e4gt der <strong>Kombinationsbonus<\/strong> aktuell 500 Euro\u00a0zus\u00e4tzlich zum Mindestzuschuss. Ebenfalls <strong>500 Euro zus\u00e4tzlich<\/strong> gibt es als <strong>Kesseltauschbonus.<\/strong><\/p>\n<p><strong>Wichtig!<\/strong><br \/>\nDer F\u00f6rderantrag <strong>muss vor Beginn der Ma\u00dfnahme <span style=\"text-decoration: underline;\">online<\/span> gestellt werden<\/strong>!<br \/>\nDer Antrag muss zwingend vor einer Auftragserteilung eingereicht sein!<br \/>\nPlanungsleistungen d\u00fcrfen allerdings vor Antragsstellung beauftragt und erbracht werden<\/p>\n<p><em>Unsere Empfehlung<\/em>: Erfragen Sie neben der Bundes- bzw. Landesf\u00f6rderung auch\u00a0die Zusch\u00fcsse der Kommune oder der Energieversorger vor Ort. Ein geringer Informationsaufwand der bares Geld sparen kann!<\/p>\n<p><!--?xml:namespace prefix = \"o\" ns = \"urn:schemas-microsoft-com:office:office\" \/--><\/p>\n<p>&nbsp;<\/p>\n","protected":false},"excerpt":{"rendered":"<p>Bei der Nachr\u00fcstung schon bestehender Geb\u00e4ude mit einer Solarthermieanlage haben Sie die M\u00f6glichkeit, F\u00f6rdergelder vom Staat zu erhalten! Da die Bundesregierung ein gro\u00dfes Interesse an Energieeinsparung und Klimaschutz hat, gibt es attraktive Zusch\u00fcsse f\u00fcr die Kombination von Heizkessel mit Solaranlage. &hellip; <a href=\"https:\/\/www.wiesol.com\/?page_id=45\">Weiterlesen <span class=\"meta-nav\">&rarr;<\/span><\/a><\/p>\n","protected":false},"author":5,"featured_media":0,"parent":0,"menu_order":4,"comment_status":"closed","ping_status":"open","template":"","meta":{"footnotes":""},"_links":{"self":[{"href":"https:\/\/www.wiesol.com\/index.php?rest_route=\/wp\/v2\/pages\/45"}],"collection":[{"href":"https:\/\/www.wiesol.com\/index.php?rest_route=\/wp\/v2\/pages"}],"about":[{"href":"https:\/\/www.wiesol.com\/index.php?rest_route=\/wp\/v2\/types\/page"}],"author":[{"embeddable":true,"href":"https:\/\/www.wiesol.com\/index.php?rest_route=\/wp\/v2\/users\/5"}],"replies":[{"embeddable":true,"href":"https:\/\/www.wiesol.com\/index.php?rest_route=%2Fwp%2Fv2%2Fcomments&post=45"}],"version-history":[{"count":19,"href":"https:\/\/www.wiesol.com\/index.php?rest_route=\/wp\/v2\/pages\/45\/revisions"}],"predecessor-version":[{"id":720,"href":"https:\/\/www.wiesol.com\/index.php?rest_route=\/wp\/v2\/pages\/45\/revisions\/720"}],"wp:attachment":[{"href":"https:\/\/www.wiesol.com\/index.php?rest_route=%2Fwp%2Fv2%2Fmedia&parent=45"}],"curies":[{"name":"wp","href":"https:\/\/api.w.org\/{rel}","templated":true}]}}