{"id":558,"date":"2015-07-27T15:09:18","date_gmt":"2015-07-27T13:09:18","guid":{"rendered":"http:\/\/aquarius-mdl.de\/wiesol\/?page_id=558"},"modified":"2020-06-14T18:28:31","modified_gmt":"2020-06-14T16:28:31","slug":"home","status":"publish","type":"page","link":"https:\/\/www.wiesol.com\/","title":{"rendered":"Home"},"content":{"rendered":"<h1>HERZLICH WILLKOMMEN AUF DEN SEITEN DER FIRMA WieSol<\/h1>\n<p><strong>UNSER LEISTUNGSSPEKTRUM:<\/strong><\/p>\n<p><strong><em>Thermische Solartechnik<\/em><\/strong><\/p>\n<ul>\n<li>Brauchwasser, Heizung, Schwimmbad auch Sonderl\u00f6sungen u. individuelle Kollektor-Sonderma\u00dfe<\/li>\n<li>Sonnenh\u00e4user<\/li>\n<li>Erstellen von Gutachten<\/li>\n<\/ul>\n<p><em><strong>Heizen mit Holz<\/strong><\/em><\/p>\n<ul>\n<li>Pellet-, St\u00fcck- und Hackgutheizungen<\/li>\n<li>Kamin\u00f6fen<\/li>\n<\/ul>\n<p><em><strong>Regenwassernutzung<\/strong><\/em><\/p>\n<ul>\n<li>Beton- oder Kunststoffspeicher<\/li>\n<\/ul>\n<p><em><strong>Klassische Heizung\/Sanit\u00e4r<\/strong><\/em><\/p>\n<p><em><strong>Heimwerker-Service<\/strong><\/em><\/p>\n<p><strong>KOMPETENT UND ZUVERL\u00c4SSIG<\/strong><\/p>\n<p><a href=\"http:\/\/wiesol.com\/wp-content\/uploads\/logo-mitglieder-shi-e1444931088576.jpg\"><img decoding=\"async\" loading=\"lazy\" class=\"alignnone size-full wp-image-702\" style=\"border: 0px currentColor;\" src=\"http:\/\/wiesol.com\/wp-content\/uploads\/logo-mitglieder-shi-e1444931088576.jpg\" alt=\"logo-mitglieder-shi\" width=\"125\" height=\"125\" \/><\/a><a href=\"http:\/\/wiesol.com\/wp-content\/uploads\/Logo_Pelletfachbetrieb_RGB-e1444931107861.jpg\"><img decoding=\"async\" loading=\"lazy\" class=\"alignnone size-full wp-image-703\" style=\"border: 0px currentColor;\" src=\"http:\/\/wiesol.com\/wp-content\/uploads\/Logo_Pelletfachbetrieb_RGB-e1444931107861.jpg\" alt=\"Druck\" width=\"125\" height=\"125\" \/><\/a><\/p>\n<p><a href=\"http:\/\/wiesol.com\/wp-content\/uploads\/logo-mitglieder-shi.jpg\"><img class=\"alignnone size-full wp-image-702\" alt=\"\" \/><\/a><\/p>\n<p>Unsere erste Pelletheizung bauten wir bereits 2001 ein und verf\u00fcgen somit \u00fcber langj\u00e4hrige Erfahrungen. Durch fortw\u00e4hrende Weiterbildung haben wir uns zum &#8222;Pellet-Fachbetrieb&#8220; qualifiziert. Durch unterschiedlichste Sonnenhaus-Projekte haben wir uns auch in diesem Bereich professionalisiert und sind deshalb Mitglied im Kompetenznetzwerk\u00a0&#8222;Sonnenhaus Institut&#8220;.<\/p>\n<p><strong>REGENERATIVE ENERGIEN AUS \u00dcBERZEUGUNG<\/strong><\/p>\n<p>Sonne und Holz als thermische Energiespender, Regenwasser als Brauchwasser und nachhaltige, umweltschonende Technik der erneuerbaren Energien optimal zu nutzen, sind Ziele, die wir uns gesetzt haben. Angesichts der begrenzten Energiereserven und einer anhaltend hohen Umweltbelastung, ist heute jeder gefordert, sich Gedanken \u00fcber Energieeinsparungen zu machen. Einen wesentlichen Beitrag dazu kann die Nutzung der Sonnenenergie leisten.<\/p>\n<p><em>\u00a0<\/em><\/p>\n<h2 style=\"text-align: left;\"><\/h2>\n<p><span style=\"color: #ff6600;\"><em>\u00a0<\/em><\/span><\/p>\n<p><span style=\"color: #ff0000;\">\u00a0<img decoding=\"async\" loading=\"lazy\" src=\"http:\/\/wiesol.com\/wp-includes\/js\/tinymce\/themes\/advanced\/img\/trans.gif\" alt=\"\" width=\"425\" height=\"350\" data-mce-json=\"{'video':{},'params':{'src':'https:\/\/maps.google.de\/maps?f=q&amp;source=s_q&amp;hl=de&amp;geocode=&amp;q=Albstra%C3%9Fe+24,+73666,+Baltmannsweiler&amp;aq=0&amp;oq=Albstr.+24+73666+Baltmannsweiler&amp;sll=48.661847,9.003665&amp;sspn=4.375649,10.821533&amp;ie=UTF8&amp;hq=&amp;hnear=Albstra%C3%9Fe+24,+73666+Baltmannsweiler&amp;t=m&amp;ll=48.74555,9.450302&amp;spn=0.019809,0.036478&amp;z=14&amp;iwloc=A&amp;output=embed','frameborder':'0','marginwidth':'0','marginheight':'0','scrolling':'no'},'hspace':null,'vspace':null,'align':null,'bgcolor':null}\" \/><\/span><\/p>\n","protected":false},"excerpt":{"rendered":"<p>HERZLICH WILLKOMMEN AUF DEN SEITEN DER FIRMA WieSol UNSER LEISTUNGSSPEKTRUM: Thermische Solartechnik Brauchwasser, Heizung, Schwimmbad auch Sonderl\u00f6sungen u. individuelle Kollektor-Sonderma\u00dfe Sonnenh\u00e4user Erstellen von Gutachten Heizen mit Holz Pellet-, St\u00fcck- und Hackgutheizungen Kamin\u00f6fen Regenwassernutzung Beton- oder Kunststoffspeicher Klassische Heizung\/Sanit\u00e4r Heimwerker-Service KOMPETENT &hellip; <a href=\"https:\/\/www.wiesol.com\/\">Weiterlesen <span class=\"meta-nav\">&rarr;<\/span><\/a><\/p>\n","protected":false},"author":5,"featured_media":0,"parent":0,"menu_order":0,"comment_status":"closed","ping_status":"closed","template":"","meta":{"footnotes":""},"_links":{"self":[{"href":"https:\/\/www.wiesol.com\/index.php?rest_route=\/wp\/v2\/pages\/558"}],"collection":[{"href":"https:\/\/www.wiesol.com\/index.php?rest_route=\/wp\/v2\/pages"}],"about":[{"href":"https:\/\/www.wiesol.com\/index.php?rest_route=\/wp\/v2\/types\/page"}],"author":[{"embeddable":true,"href":"https:\/\/www.wiesol.com\/index.php?rest_route=\/wp\/v2\/users\/5"}],"replies":[{"embeddable":true,"href":"https:\/\/www.wiesol.com\/index.php?rest_route=%2Fwp%2Fv2%2Fcomments&post=558"}],"version-history":[{"count":20,"href":"https:\/\/www.wiesol.com\/index.php?rest_route=\/wp\/v2\/pages\/558\/revisions"}],"predecessor-version":[{"id":854,"href":"https:\/\/www.wiesol.com\/index.php?rest_route=\/wp\/v2\/pages\/558\/revisions\/854"}],"wp:attachment":[{"href":"https:\/\/www.wiesol.com\/index.php?rest_route=%2Fwp%2Fv2%2Fmedia&parent=558"}],"curies":[{"name":"wp","href":"https:\/\/api.w.org\/{rel}","templated":true}]}}