{"id":65,"date":"2013-11-28T19:33:18","date_gmt":"2013-11-28T18:33:18","guid":{"rendered":"http:\/\/aquarius-mdl.de\/wiesol\/?page_id=65"},"modified":"2020-06-14T17:30:20","modified_gmt":"2020-06-14T15:30:20","slug":"pellets","status":"publish","type":"page","link":"https:\/\/www.wiesol.com\/?page_id=65","title":{"rendered":"Pellets"},"content":{"rendered":"<p><strong>HEIZEN MIT PELLETS<\/strong><\/p>\n<p>Holz kommt inzwischen in jedem f\u00fcnften Haushalt in Deutschland als Brennstoff zum Einsatz \u2013 meist als attraktive Zusatzheizung im Wohnzimmer, aber auch als Zentralheizung im Keller. Auf dem Vormarsch ist vor allem der Brennstoff Holzpellets. Pellet-Zentralheizungen oder Pellet-Kamin\u00f6fen bieten modernste \u00d6ko-Technik, die vom Staat gef\u00f6rdert wird.<br \/>\nWer sich f\u00fcr Holzpellets entscheidet, w\u00e4hlt einen CO2-neutralen und preisstabilen Brennstoff. Ob als Zusatzheizung im Wohnzimmer (Pelletkaminofen) oder als\u00a0Pellet-kessel im Keller \u2013 Pelletheizungen haben viele Vorteile:<\/p>\n<ul>\n<li>Holzpellets stehen f\u00fcr besonders <strong>niedrige Energiekosten.<\/strong> Der Preisvorsprung gegen\u00fcber fossilen Energien ist seit Jahren stabil.<\/li>\n<li>Das hohe Holzvorkommen in Deutschland schafft ein riesiges Potenzial zur <strong>nachhaltigen Versorgung mit Pellets.<\/strong> Aus vermeintlich nutzlosen S\u00e4gesp\u00e4nen werden werthaltige heimische Energietr\u00e4ger.<\/li>\n<li><strong>Pellets sind emissionsarm:<\/strong> Sie geben beim Verbrennen nur so viel CO2 ab, wie das Holz zum Wachsen der Atmosph\u00e4re entzogen hat. Keine andere Ma\u00dfnahme spart im Haushalt so viel CO2 ein wie der Umstieg auf eine moderne Holzheizung<\/li>\n<li>Mit <strong>Zusch\u00fcssen und zinsg\u00fcnstigen Krediten<\/strong> f\u00f6rdert der Staat Ihren Heizungstausch<\/li>\n<li><strong>Pelletheizungen sind bedienerfreundlich:<\/strong><br \/>\nEine effiziente Anlagentechnik und eine vollautomatische Feuerung sorgen f\u00fcr hohen Komfort. Als Zentralheizung lassen sie sich ebenso gut regulieren wie eine herk\u00f6mmlich \u00d6l- oder Gasheizung.<\/li>\n<\/ul>\n<p><strong>Gesetzliche Vorgaben:<\/strong><br \/>\nAm 1. Juli 2015 ist in Baden-W\u00fcrttemberg die Novelle des Erneuerbare-W\u00e4rme-Gesetzes (EW\u00e4rmeG) in Kraft getreten. Der Pflichtanteil f\u00fcr W\u00e4rme aus Sonne,<br \/>\nHolz oder Umweltw\u00e4rme in bestehenden Wohngeb\u00e4uden wurde von 10 auf 15 % angehoben.<br \/>\nEine weitere fundamentale \u00c4nderung im Gesetz betrifft private und \u00f6ffentliche Ebenso\u00a0gilt das EW\u00e4rmeG auch f\u00fcr Nichtwohngeb\u00e4ude. ( <a href=\"http:\/\/www.baden-wuerttemberg.de\">www.baden-wuerttemberg.de<\/a> )<\/p>\n<p><strong>Feinstaub &#8211;\u00a0Kein Thema<br \/>\n<\/strong>Holzheizungen setzen nur so viel CO2 frei, wie das Holz zuvor beim Wuchs gebunden hat. Damit ist die CO2-Bilanz von Holzheizungen ausgeglichen. Besonders gute Verbrennungs- und Emissionswerte weisen die ohne chemische Zus\u00e4tze aus S\u00e4gemehl und Holzresten hergestellten Pellets auf. Die Holz-Presslinge erlauben durch ihre genormte Einheitsgr\u00f6\u00dfe eine fein regulierbare Verbrennung.\u00a0 \u2028Die ausgefeilte Verbrennungstechnik sorgt daf\u00fcr, dass Pelletheizungen bei der Feinstaubdebatte kein Thema sind. Es wird kein feuchtes Holz verbrannt, es gibt keine unterschiedlich gro\u00dfen Scheite, die die Verbrennung ungleichm\u00e4\u00dfig ablaufen lassen. Pelletheizungen halten die versch\u00e4rften Werte der zuk\u00fcnftigen Bundes-Immissionsschutzverordnung ein. Sie arbeiten heute schon sauberer als es die zweite Stufe der Verordnung f\u00fcr die Zeit ab 2016 vorsieht.<\/p>\n<p><span style=\"text-decoration: underline;\"><strong>Pelletkamin\u00f6fen<\/strong><\/span><\/p>\n<p>Der Pelletkaminofen steht \u00e4hnlich einem klassischen Scheitholzkaminofen im Wohnbereich des Hauses.<br \/>\n<a href=\"http:\/\/wiesol.com\/wp-content\/uploads\/ivo.tec_1_191x205.jpg\"><img decoding=\"async\" loading=\"lazy\" class=\"alignnone size-thumbnail wp-image-646\" alt=\"ivo.tec_1_191x205\" src=\"http:\/\/wiesol.com\/wp-content\/uploads\/ivo.tec_1_191x205-150x150.jpg\" width=\"150\" height=\"150\" \/><\/a>\u00a0\u00a0\u00a0 <a href=\"http:\/\/wiesol.com\/wp-content\/uploads\/easy.nrg_701x500.jpg\"><img decoding=\"async\" loading=\"lazy\" class=\"alignnone size-thumbnail wp-image-645\" alt=\"easy.nrg_701x500\" src=\"http:\/\/wiesol.com\/wp-content\/uploads\/easy.nrg_701x500-150x150.jpg\" width=\"150\" height=\"150\" \/><\/a>\u00a0Quelle: Wodtke<\/p>\n<p>Unterschieden wird zwischen luftgef\u00fchrten und wasserf\u00fchrenden Pellet\u00f6fen. Wasserf\u00fchrende Pellet\u00f6fen lassen sich mit einem Pufferspeicher auch in ein Heizsystem mit Solarkollektoren einbinden. <a title=\"Heizung\" href=\"http:\/\/wiesol.com\/?page_id=197\">(Link zu Solarthermie\/Heizung)<\/a><\/p>\n<p>Geschlossene Kamin\u00f6fen verbrennen die Pellets kontrolliert und tragen damit zur Beheizung der R\u00e4ume bei. Vor allem in der \u00dcbergangszeit, gerade auch in Niedrigenergieh\u00e4usern, werden sie gerne zur Entlastung der Zentralheizung eingesetzt. Auch Pellet\u00f6fen erlauben \u00fcber eine Glasscheibe die freie Sicht aufs Flammenspiel, auf die die meisten Nutzer nicht verzichten wollen. \u2028\u2028Noch einen Energiesparschritt weiter gehen die Modelle, die ihre W\u00e4rme nur zum kleinen Teil an den Raum abgeben. Sie sind \u00fcber eine sogenannte \u201eWassertasche\u201d an den zentralen Warmwasserspeicher angeschlossen und tragen damit zur Erw\u00e4rmung des Brauch- und Heizwassers bei. Damit wird gleichzeitig eine \u00dcberhitzung des Aufstellraums vermieden. \u2028Der Brennstoff wird aus handlichen S\u00e4cken in einen kleinen Vorrats-beh\u00e4lter gef\u00fcllt. Ein weiterer Vorteil der guten Verbrennung: Nur selten muss der Aschebeh\u00e4lter geleert werden.<\/p>\n<p>Pellet\u00f6fen besitzen einen vom Brennraum abgetrennten Vorratsbeh\u00e4lter, der in regelm\u00e4\u00dfigen Abst\u00e4nden von Hand bef\u00fcllt werden muss. Der Beh\u00e4lter ist so ausgelegt, dass der Vorrat f\u00fcr eine Brenndauer von bis zu drei Tagen ausreicht \u2013 abh\u00e4ngig vom W\u00e4rmebedarf. Das Auff\u00fcllen von Pellets ist auch w\u00e4hrend des Heizbetriebes gefahrlos m\u00f6glich. Eine F\u00f6rderschnecke transportiert die Pellets aus dem Vorratsbeh\u00e4lter in den Verbrennungsraum, wo sie elektrisch entz\u00fcndet werden. Eine zuvor am Ofenthermostat eingestellte Heizleistung bzw. gew\u00fcnschte Raum-temperatur bestimmt die Menge der eingetragenen Pellets. Bei hochwertigen Anlagen regelt eine digital-elektronische \u00dcberwachung das Verh\u00e4ltnis von Verbrennungsluft, Pelletmenge und Betriebstemperatur. Die optimierten Bedingungen garantieren einen idealen Verbrennungsvorgang mit geringen Emissionen und hohen Wirkungsgraden von bis zu 95 Prozent.<br \/>\nAlles rund um Pelletkamin\u00f6fen finden Sie in der Brosch\u00fcre des DEPI \u201eGeheimtipp Pelletkaminofen \u2013 Niedrige Heizkosten und umweltfreundliche W\u00e4rme&#8220;.<\/p>\n<p><span style=\"text-decoration: underline;\"><strong>Pelletkessel<\/strong><\/span><\/p>\n<p>Wenn Sie mit Holzpellets nicht nur einzelne R\u00e4ume beheizen wollen, sondern Ihr ganzes Haus, wird in Ihrem Heizraum ein Pelletkessel\u00a0(Pelletzentralheizung) installiert. Es gibt halb- oder vollautomatische Heizungstypen. Diese unterscheiden sich lediglich im Arbeitsaufwand bei der Bef\u00fcllung ihres Pelletlagers.<\/p>\n<div id=\"attachment_647\" style=\"width: 160px\" class=\"wp-caption aligncenter\"><a href=\"http:\/\/wiesol.com\/wp-content\/uploads\/Schnittbild_Easyfire2_C4_frgst_2014_kl.jpg\"><img aria-describedby=\"caption-attachment-647\" decoding=\"async\" loading=\"lazy\" class=\"size-thumbnail wp-image-647\" alt=\"Schnittbild_Easyfire2_C4_frgst_2014_kl\" src=\"http:\/\/wiesol.com\/wp-content\/uploads\/Schnittbild_Easyfire2_C4_frgst_2014_kl-150x150.jpg\" width=\"150\" height=\"150\" \/><\/a><p id=\"caption-attachment-647\" class=\"wp-caption-text\">Quelle: KWB<\/p><\/div>\n<p style=\"text-align: left;\">Holz in Pelletsform kann also auch eine gesamte Zentralheizung versorgen. So werden Pellets zur vollwertigen Alternative zu \u00d6l oder Gas. Statt eines \u00d6ltanks haben Sie ein<br \/>\nPelletslager im Keller.<\/p>\n<p>Vollautomatische Anlagen sind wahlweise \u00fcber eine <a title=\"F\u00f6rderschnecke\" href=\"http:\/\/www.depi.de\/de\/heizen_mit_pellets\/pelletlagerung\/austragungssysteme\/\" target=\"_blank\" rel=\"noopener noreferrer\">F\u00f6rderschnecke<\/a> oder eine <a title=\"Saugaustragung\" href=\"http:\/\/www.depi.de\/de\/heizen_mit_pellets\/pelletlagerung\/austragungssysteme\/\" target=\"_blank\" rel=\"noopener noreferrer\">Saugaustragung<\/a> mit dem Lagerraum oder -tank verbunden, aus dem die Pellets vollautomatisch zum Heizkessel transportiert werden. Der <a title=\"Lagerraum\" href=\"http:\/\/www.depi.de\/de\/heizen_mit_pellets\/pelletlagerung\/\" target=\"_blank\" rel=\"noopener noreferrer\">Lagerraum<\/a> ist im Idealfall so konzipiert, dass einmal im Jahr Pellets geliefert werden m\u00fcssen. Da eine Beschickung von Hand hier entf\u00e4llt, kann die vollautomatische Pelletzentralheizung in Sachen Bedienkomfort ohne weiteres mit herk\u00f6mmlichen \u00d6lheizungen konkurrieren. Bei modernen Ger\u00e4ten passt eine Mikroprozessorsteuerung die Menge der eingetragenen Pellets der Kesselleistung an. Lediglich die Entleerung der Aschebox (1-2 mal j\u00e4hrlich) erfolgt von Hand. Im Gegensatz zu den Pelletkamin\u00f6fen, bei denen die Abgabe von Strahlungs- und Konvektionsw\u00e4rme zur Beheizung des Wohnraumes erw\u00fcnscht ist, sind Zentralheizungen zur Reduzierung von Abstrahlungsverlusten vollst\u00e4ndig w\u00e4rmeged\u00e4mmt.<\/p>\n<p>F\u00fcr den Betrieb eines Holzpelletkessels ist ein Pufferspeicher nicht zwingend erforderlich, da dieser aufgrund der modulierenden Verbrennung (Leistungsregelung entsprechend dem W\u00e4rmebedarf) auch im Teillastbetrieb mit guten Wirkungsgraden betrieben werden kann. Ein Pufferspeicher erh\u00f6ht jedoch den Komfort der Heizungsanlage und l\u00e4sst eine besonders effiziente Energieausnutzung zu: Er reduziert die Zahl der Brennerstarts und l\u00e4sst den Heizkessel meist im Volllastbetrieb laufen. Dies erh\u00f6ht den Wirkungsgrad und reduziert die Emissionen. Gerade f\u00fcr Geb\u00e4ude mit einem niedrigen W\u00e4rmebedarf ist der Einbau eines Pufferspeichers empfehlenswert. So k\u00f6nnen die Wohnr\u00e4ume beispielsweise an weniger kalten Tagen mit einmaligem Heizen pro Tag auch noch mehrere Stunden nach Ausbrand des Kessels mit warmem Heizungswasser aus dem Pufferspeicher beheizt werden.<\/p>\n<p><span style=\"text-decoration: underline;\"><strong>Gut kombiniert: Pellets und Solar<\/strong><\/span><\/p>\n<p>Pelletkamin\u00f6fen und -zentralheizungen lassen sich mit einer Solaranlage <a title=\"Heizung\" href=\"http:\/\/wiesol.com\/?page_id=197\">(Link zu Solarthermie\/Heizung)<\/a> kombinieren. Ein eingebauter Kombi-Pufferspeicher bildet die Schnittstelle zwischen Solaranlage und Heizung. Die Solarkollektoren \u00fcbernehmen den Hauptteil der Wassererw\u00e4rmung. Erst wenn die Sonne nicht genug Energie liefert, wird automatisch die Pelletheizung aktiviert.<\/p>\n<h2><span style=\"text-decoration: underline;\">F\u00f6rderung<\/span><\/h2>\n<p>Wer eine Pelletheizung mit einer Solaranlage verbindet, erh\u00e4lt zus\u00e4tzlich zum Mindestf\u00f6rderbetrag f\u00fcr Pelletheizung und Solaranlage einen regenerativen Kombinationsbonus in H\u00f6he von 500 Euro.<a title=\"F\u00f6rderung\" href=\"http:\/\/wiesol.com\/?page_id=250\"> (Link zu\u00a0F\u00f6rderung)<\/a><\/p>\n","protected":false},"excerpt":{"rendered":"<p>HEIZEN MIT PELLETS Holz kommt inzwischen in jedem f\u00fcnften Haushalt in Deutschland als Brennstoff zum Einsatz \u2013 meist als attraktive Zusatzheizung im Wohnzimmer, aber auch als Zentralheizung im Keller. Auf dem Vormarsch ist vor allem der Brennstoff Holzpellets. Pellet-Zentralheizungen oder &hellip; <a href=\"https:\/\/www.wiesol.com\/?page_id=65\">Weiterlesen <span class=\"meta-nav\">&rarr;<\/span><\/a><\/p>\n","protected":false},"author":5,"featured_media":0,"parent":14,"menu_order":1,"comment_status":"closed","ping_status":"closed","template":"","meta":{"footnotes":""},"_links":{"self":[{"href":"https:\/\/www.wiesol.com\/index.php?rest_route=\/wp\/v2\/pages\/65"}],"collection":[{"href":"https:\/\/www.wiesol.com\/index.php?rest_route=\/wp\/v2\/pages"}],"about":[{"href":"https:\/\/www.wiesol.com\/index.php?rest_route=\/wp\/v2\/types\/page"}],"author":[{"embeddable":true,"href":"https:\/\/www.wiesol.com\/index.php?rest_route=\/wp\/v2\/users\/5"}],"replies":[{"embeddable":true,"href":"https:\/\/www.wiesol.com\/index.php?rest_route=%2Fwp%2Fv2%2Fcomments&post=65"}],"version-history":[{"count":21,"href":"https:\/\/www.wiesol.com\/index.php?rest_route=\/wp\/v2\/pages\/65\/revisions"}],"predecessor-version":[{"id":730,"href":"https:\/\/www.wiesol.com\/index.php?rest_route=\/wp\/v2\/pages\/65\/revisions\/730"}],"up":[{"embeddable":true,"href":"https:\/\/www.wiesol.com\/index.php?rest_route=\/wp\/v2\/pages\/14"}],"wp:attachment":[{"href":"https:\/\/www.wiesol.com\/index.php?rest_route=%2Fwp%2Fv2%2Fmedia&parent=65"}],"curies":[{"name":"wp","href":"https:\/\/api.w.org\/{rel}","templated":true}]}}